{"id":29,"date":"2015-04-19T11:34:52","date_gmt":"2015-04-19T11:34:52","guid":{"rendered":"http:\/\/www.clgnarinne.ie\/?page_id=29"},"modified":"2015-04-19T11:34:52","modified_gmt":"2015-04-19T11:34:52","slug":"treoracha","status":"publish","type":"page","link":"http:\/\/www.clgnarinne.ie\/?page_id=29","title":{"rendered":"Treoracha"},"content":{"rendered":"<p><iframe loading=\"lazy\" src=\"https:\/\/maps.google.com\/maps?f=q&amp;source=s_q&amp;hl=en&amp;geocode=&amp;q=P%C3%A1irc+U%C3%AD+Sh%C3%ADothch%C3%A1in,+Waterford,+Ireland&amp;aq=3&amp;oq=P%C3%A1irc&amp;sll=52.043358,-7.569829&amp;sspn=0.003933,0.011362&amp;t=h&amp;ie=UTF8&amp;hq=P%C3%A1irc+U%C3%AD+Sh%C3%ADothch%C3%A1in,&amp;hnear=Waterford,+County+Waterford,+Ireland&amp;ll=52.044447,-7.568378&amp;spn=0.503251,1.454315&amp;z=10&amp;iwloc=A&amp;cid=16958976389242012400&amp;output=embed\" width=\"700\" height=\"450\" frameborder=\"0\" marginwidth=\"0\" marginheight=\"0\" scrolling=\"no\"><\/iframe><br \/>\n<small>Faigh mapa n\u00edos m\u00f3 de <a style=\"color: #0000ff; text-align: left;\" href=\"https:\/\/maps.google.com\/maps?f=q&amp;source=embed&amp;hl=en&amp;geocode=&amp;q=P%C3%A1irc+U%C3%AD+Sh%C3%ADothch%C3%A1in,+Waterford,+Ireland&amp;aq=3&amp;oq=P%C3%A1irc&amp;sll=52.043358,-7.569829&amp;sspn=0.003933,0.011362&amp;t=h&amp;ie=UTF8&amp;hq=P%C3%A1irc+U%C3%AD+Sh%C3%ADothch%C3%A1in,&amp;hnear=Waterford,+County+Waterford,+Ireland&amp;ll=52.044447,-7.568378&amp;spn=0.503251,1.454315&amp;z=10&amp;iwloc=A&amp;cid=16958976389242012400\">Ph\u00e1irc U\u00ed Sh\u00edothch\u00e1in<\/a> <\/small><\/p>\n","protected":false},"excerpt":{"rendered":"<p>Faigh mapa n\u00edos m\u00f3 de Ph\u00e1irc U\u00ed Sh\u00edothch\u00e1in<\/p>\n","protected":false},"author":1,"featured_media":0,"parent":0,"menu_order":0,"comment_status":"open","ping_status":"open","template":"","meta":[],"_links":{"self":[{"href":"http:\/\/www.clgnarinne.ie\/index.php?rest_route=\/wp\/v2\/pages\/29"}],"collection":[{"href":"http:\/\/www.clgnarinne.ie\/index.php?rest_route=\/wp\/v2\/pages"}],"about":[{"href":"http:\/\/www.clgnarinne.ie\/index.php?rest_route=\/wp\/v2\/types\/page"}],"author":[{"embeddable":true,"href":"http:\/\/www.clgnarinne.ie\/index.php?rest_route=\/wp\/v2\/users\/1"}],"replies":[{"embeddable":true,"href":"http:\/\/www.clgnarinne.ie\/index.php?rest_route=%2Fwp%2Fv2%2Fcomments&post=29"}],"version-history":[{"count":1,"href":"http:\/\/www.clgnarinne.ie\/index.php?rest_route=\/wp\/v2\/pages\/29\/revisions"}],"predecessor-version":[{"id":30,"href":"http:\/\/www.clgnarinne.ie\/index.php?rest_route=\/wp\/v2\/pages\/29\/revisions\/30"}],"wp:attachment":[{"href":"http:\/\/www.clgnarinne.ie\/index.php?rest_route=%2Fwp%2Fv2%2Fmedia&parent=29"}],"curies":[{"name":"wp","href":"https:\/\/api.w.org\/{rel}","templated":true}]}}